{"id":18,"date":"2016-08-14T18:16:33","date_gmt":"2016-08-14T18:16:33","guid":{"rendered":"http:\/\/gtcsoluciones.com\/?page_id=18"},"modified":"2024-03-08T02:28:57","modified_gmt":"2024-03-08T02:28:57","slug":"pagina-principal","status":"publish","type":"page","link":"https:\/\/gtcsoluciones.com\/","title":{"rendered":"Bienvenido a GTC Soluciones, donde la innovaci\u00f3n y la seguridad se encuentran para marcar la diferencia."},"content":{"rendered":"\n<div class=\"wp-block-columns is-layout-flex wp-container-core-columns-layout-1 wp-block-columns-is-layout-flex\">\n<div class=\"wp-block-column is-layout-flow wp-block-column-is-layout-flow\">\n<figure class=\"wp-block-image size-large\"><img loading=\"lazy\" decoding=\"async\" width=\"1024\" height=\"768\" src=\"https:\/\/gtcsoluciones.com\/wp-content\/uploads\/2016\/08\/42H3JH8QI5-compress-1024x768.jpg\" alt=\"\" class=\"wp-image-36\" srcset=\"https:\/\/gtcsoluciones.com\/wp-content\/uploads\/2016\/08\/42H3JH8QI5-compress-1024x768.jpg 1024w, https:\/\/gtcsoluciones.com\/wp-content\/uploads\/2016\/08\/42H3JH8QI5-compress-300x225.jpg 300w, https:\/\/gtcsoluciones.com\/wp-content\/uploads\/2016\/08\/42H3JH8QI5-compress-768x576.jpg 768w, https:\/\/gtcsoluciones.com\/wp-content\/uploads\/2016\/08\/42H3JH8QI5-compress.jpg 1800w\" sizes=\"(max-width: 767px) 89vw, (max-width: 1000px) 54vw, (max-width: 1071px) 543px, 580px\" \/><\/figure>\n<\/div>\n\n\n\n<div class=\"wp-block-column is-layout-flow wp-block-column-is-layout-flow\">\n<p>En GTC Soluciones, trascendemos la tecnolog\u00eda biom\u00e9dica. Nos dedicamos a garantizar que cada equipo m\u00e9dico no solo funcione a la perfecci\u00f3n, sino que tambi\u00e9n sea un pilar en el cuidado y la recuperaci\u00f3n de los pacientes. Con un abanico de servicios que incluye desde el suministro de equipos de vanguardia hasta programas de tecnovigilancia l\u00edderes en el sector, estamos comprometidos con elevar los est\u00e1ndares de seguridad y eficacia en el \u00e1mbito de la salud.<\/p>\n<\/div>\n<\/div>\n","protected":false},"excerpt":{"rendered":"<p>En GTC Soluciones, trascendemos la tecnolog\u00eda biom\u00e9dica. Nos dedicamos a garantizar que cada equipo m\u00e9dico no solo funcione a la perfecci\u00f3n, sino que tambi\u00e9n sea un pilar en el cuidado y la recuperaci\u00f3n de los pacientes. Con un abanico de servicios que incluye desde el suministro de equipos de vanguardia hasta programas de tecnovigilancia l\u00edderes &hellip; <\/p>\n<p class=\"link-more\"><a href=\"https:\/\/gtcsoluciones.com\/\" class=\"more-link\">Continuar leyendo<span class=\"screen-reader-text\"> &#8220;Bienvenido a GTC Soluciones, donde la innovaci\u00f3n y la seguridad se encuentran para marcar la diferencia.&#8221;<\/span><\/a><\/p>\n","protected":false},"author":1,"featured_media":0,"parent":0,"menu_order":0,"comment_status":"closed","ping_status":"closed","template":"template-home.php","meta":{"footnotes":""},"_links":{"self":[{"href":"https:\/\/gtcsoluciones.com\/index.php\/wp-json\/wp\/v2\/pages\/18"}],"collection":[{"href":"https:\/\/gtcsoluciones.com\/index.php\/wp-json\/wp\/v2\/pages"}],"about":[{"href":"https:\/\/gtcsoluciones.com\/index.php\/wp-json\/wp\/v2\/types\/page"}],"author":[{"embeddable":true,"href":"https:\/\/gtcsoluciones.com\/index.php\/wp-json\/wp\/v2\/users\/1"}],"replies":[{"embeddable":true,"href":"https:\/\/gtcsoluciones.com\/index.php\/wp-json\/wp\/v2\/comments?post=18"}],"version-history":[{"count":5,"href":"https:\/\/gtcsoluciones.com\/index.php\/wp-json\/wp\/v2\/pages\/18\/revisions"}],"predecessor-version":[{"id":289,"href":"https:\/\/gtcsoluciones.com\/index.php\/wp-json\/wp\/v2\/pages\/18\/revisions\/289"}],"wp:attachment":[{"href":"https:\/\/gtcsoluciones.com\/index.php\/wp-json\/wp\/v2\/media?parent=18"}],"curies":[{"name":"wp","href":"https:\/\/api.w.org\/{rel}","templated":true}]}}