{"id":177,"date":"2016-08-15T17:38:26","date_gmt":"2016-08-15T17:38:26","guid":{"rendered":"http:\/\/gtcsoluciones.com\/?page_id=177"},"modified":"2024-03-08T01:17:19","modified_gmt":"2024-03-08T01:17:19","slug":"suministros-de-equipos-biomedicos","status":"publish","type":"page","link":"https:\/\/gtcsoluciones.com\/index.php\/suministros-de-equipos-biomedicos\/","title":{"rendered":"SUMINISTROS DE EQUIPOS BIOM\u00c9DICOS"},"content":{"rendered":"<h2 style=\"text-align: center;\"><span style=\"color: #ffffff;\">Suministro de equipos biom\u00e9dicos<\/span><\/h2>\n<h2 style=\"text-align: center;\"><\/h2>\n<p style=\"text-align: center;\">Dotaci\u00f3n de muebles hospitalarios y de rehabilitaci\u00f3n: Mesas de cirug\u00eda y partos, mesas para instrumental, camillas de observaci\u00f3n y de transporte, camas el\u00e9ctri- cas, camas mec\u00e1nicas, sillas de ruedas, caminadores, atriles, carros de paro, carros de medicamentos.<\/p>\n<h2 style=\"text-align: center;\"><span style=\"color: #ffffff;\">Suministro de equipos biom\u00e9dicos<\/span><\/h2>\n<p><img loading=\"lazy\" decoding=\"async\" class=\"alignnone  wp-image-44\" src=\"http:\/\/gtcsoluciones.com\/wp-content\/uploads\/2016\/08\/CBOLBKWDV5-min-300x225.jpg\" alt=\"CBOLBKWDV5-min\" width=\"627\" height=\"470\" srcset=\"https:\/\/gtcsoluciones.com\/wp-content\/uploads\/2016\/08\/CBOLBKWDV5-min-300x225.jpg 300w, https:\/\/gtcsoluciones.com\/wp-content\/uploads\/2016\/08\/CBOLBKWDV5-min-768x576.jpg 768w, https:\/\/gtcsoluciones.com\/wp-content\/uploads\/2016\/08\/CBOLBKWDV5-min-1024x768.jpg 1024w, https:\/\/gtcsoluciones.com\/wp-content\/uploads\/2016\/08\/CBOLBKWDV5-min.jpg 1800w\" sizes=\"(max-width: 627px) 100vw, 627px\" \/><\/p>\n","protected":false},"excerpt":{"rendered":"<p>Suministro de equipos biom\u00e9dicos Dotaci\u00f3n de muebles hospitalarios y de rehabilitaci\u00f3n: Mesas de cirug\u00eda y partos, mesas para instrumental, camillas de observaci\u00f3n y de transporte, camas el\u00e9ctri- cas, camas mec\u00e1nicas, sillas de ruedas, caminadores, atriles, carros de paro, carros de medicamentos. Suministro de equipos biom\u00e9dicos<\/p>\n","protected":false},"author":1,"featured_media":0,"parent":0,"menu_order":0,"comment_status":"closed","ping_status":"closed","template":"","meta":{"footnotes":""},"_links":{"self":[{"href":"https:\/\/gtcsoluciones.com\/index.php\/wp-json\/wp\/v2\/pages\/177"}],"collection":[{"href":"https:\/\/gtcsoluciones.com\/index.php\/wp-json\/wp\/v2\/pages"}],"about":[{"href":"https:\/\/gtcsoluciones.com\/index.php\/wp-json\/wp\/v2\/types\/page"}],"author":[{"embeddable":true,"href":"https:\/\/gtcsoluciones.com\/index.php\/wp-json\/wp\/v2\/users\/1"}],"replies":[{"embeddable":true,"href":"https:\/\/gtcsoluciones.com\/index.php\/wp-json\/wp\/v2\/comments?post=177"}],"version-history":[{"count":9,"href":"https:\/\/gtcsoluciones.com\/index.php\/wp-json\/wp\/v2\/pages\/177\/revisions"}],"predecessor-version":[{"id":285,"href":"https:\/\/gtcsoluciones.com\/index.php\/wp-json\/wp\/v2\/pages\/177\/revisions\/285"}],"wp:attachment":[{"href":"https:\/\/gtcsoluciones.com\/index.php\/wp-json\/wp\/v2\/media?parent=177"}],"curies":[{"name":"wp","href":"https:\/\/api.w.org\/{rel}","templated":true}]}}