{"id":146,"date":"2016-08-15T16:01:30","date_gmt":"2016-08-15T16:01:30","guid":{"rendered":"http:\/\/gtcsoluciones.com\/?page_id=146"},"modified":"2018-02-06T20:26:14","modified_gmt":"2018-02-06T20:26:14","slug":"contactenos","status":"publish","type":"page","link":"https:\/\/gtcsoluciones.com\/index.php\/contactenos\/","title":{"rendered":"Cont\u00e1ctenos"},"content":{"rendered":"<h2 style=\"text-align: center;\"><span style=\"color: #ffffff;\">Cont\u00e1ctenos<\/span><\/h2>\n<p style=\"text-align: center;\"><span style=\"color: #ffffff;\">P\u00f3ngase en contacto con nosotros para brindarle el mejor servicio.<\/span><\/p>\n<p><iframe loading=\"lazy\" style=\"border: 0;\" src=\"https:\/\/www.google.com\/maps\/embed?pb=!1m18!1m12!1m3!1d3966.0787569493564!2d-75.5865511883322!3d6.2533539062220305!2m3!1f0!2f0!3f0!3m2!1i1024!2i768!4f13.1!3m3!1m2!1s0x8e442906118923d5%3A0x1aff075602681b58!2sCl.+48a+%2367-100%2C+Medell%C3%ADn%2C+Antioquia%2C+Colombia!5e0!3m2!1ses!2ses!4v1471278700901\" width=\"100%\" height=\"300\" frameborder=\"0\" allowfullscreen=\"allowfullscreen\"><\/iframe><\/p>\n<h2>Contacto<\/h2>\n<p>Tel\u00e9fono: 260 80 53<\/p>\n<p>E-mail: contacto@gtcsoluciones.com<\/p>\n<p>Direcci\u00f3n: Cll 48 # 66 -60 Edi\ufb01cio torre la estaci\u00f3n sector suramericana<\/p>\n<p>[contact-form to=&#8217;milometaute@gmail.com&#8217; subject=&#8217;Nuevo mensaje de GTC Soluciones WEB&#8217;][contact-field label=&#8217;Nombre&#8217; type=&#8217;name&#8217; required=&#8217;1&#8217;\/][contact-field label=&#8217;Email&#8217; type=&#8217;email&#8217; required=&#8217;1&#8217;\/][contact-field label=&#8217;Tel\u00e9fono&#8217; type=&#8217;text&#8217;\/][contact-field label=&#8217;Mensaje&#8217; type=&#8217;textarea&#8217; required=&#8217;1&#8217;\/][\/contact-form]<\/p>\n<h2 style=\"text-align: center;\"><span style=\"color: #ffffff;\">Cont\u00e1ctenos<\/span><\/h2>\n<p style=\"text-align: center;\"><span style=\"color: #ffffff;\">P\u00f3ngase en contacto con nosotros para brindarle el mejor servicio.<\/span><\/p>\n<p><iframe loading=\"lazy\" style=\"border: 0;\" src=\"https:\/\/www.google.com\/maps\/embed?pb=!1m18!1m12!1m3!1d3966.0787569493564!2d-75.5865511883322!3d6.2533539062220305!2m3!1f0!2f0!3f0!3m2!1i1024!2i768!4f13.1!3m3!1m2!1s0x8e442906118923d5%3A0x1aff075602681b58!2sCl.+48a+%2367-100%2C+Medell%C3%ADn%2C+Antioquia%2C+Colombia!5e0!3m2!1ses!2ses!4v1471278700901\" width=\"100%\" height=\"300\" frameborder=\"0\" allowfullscreen=\"allowfullscreen\"><\/iframe><\/p>\n<h2>Contacto<\/h2>\n<p>Tel\u00e9fono: 260 80 53<\/p>\n<p>E-mail: contacto@gtcsoluciones.com<\/p>\n<p>Direcci\u00f3n: Cll 48 # 66 -60 Edi\ufb01cio torre la estaci\u00f3n sector suramericana<\/p>\n<p>[contact-form to=&#8217;milometaute@gmail.com&#8217; subject=&#8217;Nuevo mensaje de GTC Soluciones WEB&#8217;][contact-field label=&#8217;Nombre&#8217; type=&#8217;name&#8217; required=&#8217;1&#8217;\/][contact-field label=&#8217;Email&#8217; type=&#8217;email&#8217; required=&#8217;1&#8217;\/][contact-field label=&#8217;Tel\u00e9fono&#8217; type=&#8217;text&#8217;\/][contact-field label=&#8217;Mensaje&#8217; type=&#8217;textarea&#8217; required=&#8217;1&#8217;\/][\/contact-form]<\/p>\n<h2 style=\"text-align: center;\"><span style=\"color: #ffffff;\">Cont\u00e1ctenos<\/span><\/h2>\n<p style=\"text-align: center;\"><span style=\"color: #ffffff;\">P\u00f3ngase en contacto con nosotros para brindarle el mejor servicio.<\/span><\/p>\n<p><iframe loading=\"lazy\" style=\"border: 0;\" src=\"https:\/\/www.google.com\/maps\/embed?pb=!1m18!1m12!1m3!1d3966.0787569493564!2d-75.5865511883322!3d6.2533539062220305!2m3!1f0!2f0!3f0!3m2!1i1024!2i768!4f13.1!3m3!1m2!1s0x8e442906118923d5%3A0x1aff075602681b58!2sCl.+48a+%2367-100%2C+Medell%C3%ADn%2C+Antioquia%2C+Colombia!5e0!3m2!1ses!2ses!4v1471278700901\" width=\"100%\" height=\"300\" frameborder=\"0\" allowfullscreen=\"allowfullscreen\"><\/iframe><\/p>\n<h2>Contacto<\/h2>\n<p>Tel\u00e9fono: 260 80 53<\/p>\n<p>E-mail: contacto@gtcsoluciones.com<\/p>\n<p>Direcci\u00f3n: Cll 48 # 66 -60 Edi\ufb01cio torre la estaci\u00f3n sector suramericana<\/p>\n<p>[contact-form to=&#8217;milometaute@gmail.com&#8217; subject=&#8217;Nuevo mensaje de GTC Soluciones WEB&#8217;][contact-field label=&#8217;Nombre&#8217; type=&#8217;name&#8217; required=&#8217;1&#8217;\/][contact-field label=&#8217;Email&#8217; type=&#8217;email&#8217; required=&#8217;1&#8217;\/][contact-field label=&#8217;Tel\u00e9fono&#8217; type=&#8217;text&#8217;\/][contact-field label=&#8217;Mensaje&#8217; type=&#8217;textarea&#8217; required=&#8217;1&#8217;\/][\/contact-form]<\/p>\n<p>[sform id=&#8217;164&#8242;]<\/p>\n<p>[sform id=&#8217;164&#8242;]<\/p>\n<h2 style=\"text-align: center;\"><span style=\"color: #ffffff;\">Cont\u00e1ctenos<\/span><\/h2>\n<p style=\"text-align: center;\"><span style=\"color: #ffffff;\">P\u00f3ngase en contacto con nosotros para brindarle el mejor servicio.<\/span><\/p>\n<p><iframe loading=\"lazy\" style=\"border: 0;\" src=\"https:\/\/www.google.com\/maps\/embed?pb=!1m18!1m12!1m3!1d3966.0787569493564!2d-75.5865511883322!3d6.2533539062220305!2m3!1f0!2f0!3f0!3m2!1i1024!2i768!4f13.1!3m3!1m2!1s0x8e442906118923d5%3A0x1aff075602681b58!2sCl.+48a+%2367-100%2C+Medell%C3%ADn%2C+Antioquia%2C+Colombia!5e0!3m2!1ses!2ses!4v1471278700901\" width=\"100%\" height=\"300\" frameborder=\"0\" allowfullscreen=\"allowfullscreen\"><\/iframe><\/p>\n<h2>Contacto<\/h2>\n<p>Tel\u00e9fono: 260 80 53<\/p>\n<p>E-mail: contacto@gtcsoluciones.com<\/p>\n<p>Direcci\u00f3n: Cll 48 # 66 -60 Edi\ufb01cio torre la estaci\u00f3n sector suramericana<\/p>\n<p>[sform id=&#8217;164&#8242;]<\/p>\n<h2 style=\"text-align: center;\" data-mce-style=\"text-align: center;\"><span style=\"color: rgb(255, 255, 255);\" data-mce-style=\"color: #ffffff;\">Cont\u00e1ctenos<\/span><br \/><\/h2>\n<p style=\"text-align: center;\" data-mce-style=\"text-align: center;\"><span style=\"color: rgb(255, 255, 255);\" data-mce-style=\"color: #ffffff;\">P\u00f3ngase en contacto con nosotros para brindarle el mejor servicio.<\/span><\/p>\n<p><iframe loading=\"lazy\" style=\"border: 0;\" src=\"https:\/\/www.google.com\/maps\/embed?pb=!1m18!1m12!1m3!1d3966.0787569493564!2d-75.5865511883322!3d6.2533539062220305!2m3!1f0!2f0!3f0!3m2!1i1024!2i768!4f13.1!3m3!1m2!1s0x8e442906118923d5%3A0x1aff075602681b58!2sCl.+48a+%2367-100%2C+Medell%C3%ADn%2C+Antioquia%2C+Colombia!5e0!3m2!1ses!2ses!4v1471278700901\" width=\"100%\" height=\"300\" frameborder=\"0\" allowfullscreen=\"allowfullscreen\"><\/iframe><\/p>\n<h2>Contacto<\/h2>\n<p>Tel\u00e9fono: 260 80 53<\/p>\n<p>E-mail: contacto@gtcsoluciones.com<\/p>\n<p>Direcci\u00f3n: Cll 48 # 66 -60 Edi\ufb01cio torre la estaci\u00f3n sector suramericana<\/p>\n<p>[sform id=&#8217;164&#8242;]<\/p>\n<p>[sform id=&#8217;164&#8242;]<\/p>\n","protected":false},"excerpt":{"rendered":"<p>Cont\u00e1ctenos P\u00f3ngase en contacto con nosotros para brindarle el mejor servicio. Contacto Tel\u00e9fono: 260 80 53 E-mail: contacto@gtcsoluciones.com Direcci\u00f3n: Cll 48 # 66 -60 Edi\ufb01cio torre la estaci\u00f3n sector suramericana [contact-form to=&#8217;milometaute@gmail.com&#8217; subject=&#8217;Nuevo mensaje de GTC Soluciones WEB&#8217;][contact-field label=&#8217;Nombre&#8217; type=&#8217;name&#8217; required=&#8217;1&#8217;\/][contact-field label=&#8217;Email&#8217; type=&#8217;email&#8217; required=&#8217;1&#8217;\/][contact-field label=&#8217;Tel\u00e9fono&#8217; type=&#8217;text&#8217;\/][contact-field label=&#8217;Mensaje&#8217; type=&#8217;textarea&#8217; required=&#8217;1&#8217;\/][\/contact-form] Cont\u00e1ctenos P\u00f3ngase en contacto con nosotros &hellip; <\/p>\n<p class=\"link-more\"><a href=\"https:\/\/gtcsoluciones.com\/index.php\/contactenos\/\" class=\"more-link\">Continuar leyendo<span class=\"screen-reader-text\"> &#8220;Cont\u00e1ctenos&#8221;<\/span><\/a><\/p>\n","protected":false},"author":1,"featured_media":0,"parent":0,"menu_order":0,"comment_status":"closed","ping_status":"closed","template":"","meta":{"footnotes":""},"_links":{"self":[{"href":"https:\/\/gtcsoluciones.com\/index.php\/wp-json\/wp\/v2\/pages\/146"}],"collection":[{"href":"https:\/\/gtcsoluciones.com\/index.php\/wp-json\/wp\/v2\/pages"}],"about":[{"href":"https:\/\/gtcsoluciones.com\/index.php\/wp-json\/wp\/v2\/types\/page"}],"author":[{"embeddable":true,"href":"https:\/\/gtcsoluciones.com\/index.php\/wp-json\/wp\/v2\/users\/1"}],"replies":[{"embeddable":true,"href":"https:\/\/gtcsoluciones.com\/index.php\/wp-json\/wp\/v2\/comments?post=146"}],"version-history":[{"count":19,"href":"https:\/\/gtcsoluciones.com\/index.php\/wp-json\/wp\/v2\/pages\/146\/revisions"}],"predecessor-version":[{"id":268,"href":"https:\/\/gtcsoluciones.com\/index.php\/wp-json\/wp\/v2\/pages\/146\/revisions\/268"}],"wp:attachment":[{"href":"https:\/\/gtcsoluciones.com\/index.php\/wp-json\/wp\/v2\/media?parent=146"}],"curies":[{"name":"wp","href":"https:\/\/api.w.org\/{rel}","templated":true}]}}